{"id":406,"date":"2024-04-01T20:09:45","date_gmt":"2024-04-01T18:09:45","guid":{"rendered":"https:\/\/www.auxbolsdenergies.com\/?page_id=406"},"modified":"2024-05-02T13:37:31","modified_gmt":"2024-05-02T11:37:31","slug":"micro-massage-energetique","status":"publish","type":"page","link":"https:\/\/www.auxbolsdenergies.com\/index.php\/soins-energetiques\/micro-massage-energetique\/","title":{"rendered":"Micro-massage \u00e9nerg\u00e9tique"},"content":{"rendered":"<p>[et_pb_section fb_built=\u00a0\u00bb1&Prime; custom_padding_last_edited=\u00a0\u00bbon|desktop\u00a0\u00bb admin_label=\u00a0\u00bbHeader\u00a0\u00bb _builder_version=\u00a0\u00bb4.24.3&Prime; background_image=\u00a0\u00bbhttps:\/\/www.auxbolsdenergies.com\/wp-content\/uploads\/2024\/04\/summer-970347_1280.jpg\u00a0\u00bb parallax=\u00a0\u00bbon\u00a0\u00bb custom_margin=\u00a0\u00bb40px|40px||40px|false|true\u00a0\u00bb custom_margin_tablet=\u00a0\u00bb\u00a0\u00bb custom_margin_phone=\u00a0\u00bb20px|20px||20px|false|true\u00a0\u00bb custom_margin_last_edited=\u00a0\u00bbon|desktop\u00a0\u00bb custom_padding=\u00a0\u00bb100px|0px|0px|||\u00a0\u00bb custom_padding_tablet=\u00a0\u00bb40px||||false|false\u00a0\u00bb custom_padding_phone=\u00a0\u00bb\u00a0\u00bb border_radii_phone=\u00a0\u00bbon|20px|20px|20px|20px\u00a0\u00bb border_radii_last_edited=\u00a0\u00bboff|desktop\u00a0\u00bb locked=\u00a0\u00bboff\u00a0\u00bb global_colors_info=\u00a0\u00bb{}\u00a0\u00bb][et_pb_row custom_padding_last_edited=\u00a0\u00bbon|tablet\u00a0\u00bb _builder_version=\u00a0\u00bb4.16&Prime; background_enable_color=\u00a0\u00bboff\u00a0\u00bb background_image=\u00a0\u00bbhttps:\/\/www.auxbolsdenergies.com\/wp-content\/uploads\/2024\/04\/psychologist-09.jpg\u00a0\u00bb parallax=\u00a0\u00bbon\u00a0\u00bb transform_scale_tablet=\u00a0\u00bb\u00a0\u00bb transform_scale_phone=\u00a0\u00bb\u00a0\u00bb transform_scale_last_edited=\u00a0\u00bbon|desktop\u00a0\u00bb transform_translate=\u00a0\u00bb30px|0px\u00a0\u00bb transform_translate_tablet=\u00a0\u00bb0px|0px\u00a0\u00bb transform_translate_phone=\u00a0\u00bb\u00a0\u00bb transform_translate_last_edited=\u00a0\u00bbon|tablet\u00a0\u00bb transform_translate_linked=\u00a0\u00bboff\u00a0\u00bb transform_rotate_tablet=\u00a0\u00bb\u00a0\u00bb transform_rotate_phone=\u00a0\u00bb\u00a0\u00bb transform_rotate_last_edited=\u00a0\u00bbon|desktop\u00a0\u00bb transform_skew_tablet=\u00a0\u00bb\u00a0\u00bb transform_skew_phone=\u00a0\u00bb\u00a0\u00bb transform_skew_last_edited=\u00a0\u00bbon|desktop\u00a0\u00bb transform_origin_tablet=\u00a0\u00bb\u00a0\u00bb transform_origin_phone=\u00a0\u00bb\u00a0\u00bb transform_origin_last_edited=\u00a0\u00bbon|desktop\u00a0\u00bb transform_styles_last_edited=\u00a0\u00bbon|tablet\u00a0\u00bb width_tablet=\u00a0\u00bb90%\u00a0\u00bb width_phone=\u00a0\u00bb\u00a0\u00bb width_last_edited=\u00a0\u00bbon|desktop\u00a0\u00bb max_width=\u00a0\u00bb1200px\u00a0\u00bb custom_padding=\u00a0\u00bb100px|60px|100px|60px|true|true\u00a0\u00bb custom_padding_tablet=\u00a0\u00bb60px||60px||true|true\u00a0\u00bb custom_padding_phone=\u00a0\u00bb40px|20px|40px|20px|true|true\u00a0\u00bb transform_styles_tablet=\u00a0\u00bb\u00a0\u00bb transform_styles_phone=\u00a0\u00bb\u00a0\u00bb border_radii_phone=\u00a0\u00bboff|8px|8px||\u00a0\u00bb border_radii_last_edited=\u00a0\u00bboff|desktop\u00a0\u00bb box_shadow_style=\u00a0\u00bbpreset3&Prime; box_shadow_vertical=\u00a0\u00bb40px\u00a0\u00bb box_shadow_blur=\u00a0\u00bb110px\u00a0\u00bb box_shadow_spread=\u00a0\u00bb0px\u00a0\u00bb box_shadow_color=\u00a0\u00bbrgba(9,6,38,0.62)\u00a0\u00bb global_colors_info=\u00a0\u00bb{}\u00a0\u00bb][et_pb_column type=\u00a0\u00bb4_4&Prime; _builder_version=\u00a0\u00bb4.16&Prime; global_colors_info=\u00a0\u00bb{}\u00a0\u00bb][et_pb_text _builder_version=\u00a0\u00bb4.24.3&Prime; text_font_size=\u00a0\u00bb15px\u00a0\u00bb text_line_height=\u00a0\u00bb1.6em\u00a0\u00bb header_font_size=\u00a0\u00bb45px\u00a0\u00bb header_line_height=\u00a0\u00bb1.2em\u00a0\u00bb max_width_last_edited=\u00a0\u00bboff|desktop\u00a0\u00bb text_font_size_tablet=\u00a0\u00bb18px\u00a0\u00bb text_font_size_phone=\u00a0\u00bb16px\u00a0\u00bb text_font_size_last_edited=\u00a0\u00bbon|tablet\u00a0\u00bb header_font_size_tablet=\u00a0\u00bb40px\u00a0\u00bb header_font_size_phone=\u00a0\u00bb30px\u00a0\u00bb header_font_size_last_edited=\u00a0\u00bbon|desktop\u00a0\u00bb locked=\u00a0\u00bboff\u00a0\u00bb global_colors_info=\u00a0\u00bb{}\u00a0\u00bb]<\/p>\n<h1><strong>Qu\u2019est-ce que le micro-massage \u00e9nerg\u00e9tique ?<\/strong><\/h1>\n<p><strong>Vous vous sentez d\u00e9prim\u00e9, fatigu\u00e9, surmen\u00e9, mal dans votre peau, vous avez des douleurs physiques ou vous ne savez juste pas ce qui vous arrive\u00a0? Alors le micro-massage \u00e9nerg\u00e9tique est le soin id\u00e9al.<\/strong><\/p>\n<p>[\/et_pb_text][\/et_pb_column][\/et_pb_row][\/et_pb_section][et_pb_section fb_built=\u00a0\u00bb1&Prime; admin_label=\u00a0\u00bbAbout\u00a0\u00bb _builder_version=\u00a0\u00bb4.16&Prime; background_color=\u00a0\u00bbrgba(0,0,0,0)\u00a0\u00bb z_index=\u00a0\u00bb1&Prime; custom_margin=\u00a0\u00bb|40px||40px|false|true\u00a0\u00bb custom_margin_tablet=\u00a0\u00bb\u00a0\u00bb custom_margin_phone=\u00a0\u00bb|20px||20px|false|true\u00a0\u00bb custom_margin_last_edited=\u00a0\u00bbon|tablet\u00a0\u00bb custom_padding=\u00a0\u00bb0px||0px||false|false\u00a0\u00bb global_colors_info=\u00a0\u00bb{}\u00a0\u00bb][et_pb_row column_structure=\u00a0\u00bb1_3,2_3&Prime; custom_padding_last_edited=\u00a0\u00bbon|desktop\u00a0\u00bb _builder_version=\u00a0\u00bb4.24.3&Prime; background_color=\u00a0\u00bb#ffffff\u00a0\u00bb z_index=\u00a0\u00bb0&Prime; width_tablet=\u00a0\u00bb90%\u00a0\u00bb width_phone=\u00a0\u00bb90%\u00a0\u00bb width_last_edited=\u00a0\u00bbon|desktop\u00a0\u00bb max_width=\u00a0\u00bb1200px\u00a0\u00bb overflow-x=\u00a0\u00bbvisible\u00a0\u00bb overflow-y=\u00a0\u00bbvisible\u00a0\u00bb custom_margin=\u00a0\u00bb-30px|auto||auto|false|false\u00a0\u00bb custom_padding=\u00a0\u00bb60px|60px|60px|90px|true|false\u00a0\u00bb custom_padding_tablet=\u00a0\u00bb|||60px|false|false\u00a0\u00bb custom_padding_phone=\u00a0\u00bb|20px||20px|false|true\u00a0\u00bb box_shadow_style=\u00a0\u00bbpreset3&Prime; box_shadow_vertical=\u00a0\u00bb40px\u00a0\u00bb box_shadow_blur=\u00a0\u00bb110px\u00a0\u00bb box_shadow_spread=\u00a0\u00bb0px\u00a0\u00bb box_shadow_color=\u00a0\u00bbrgba(131,146,167,0.5)\u00a0\u00bb global_colors_info=\u00a0\u00bb{}\u00a0\u00bb width__hover_enabled=\u00a0\u00bboff\u00a0\u00bb][et_pb_column type=\u00a0\u00bb1_3&Prime; _builder_version=\u00a0\u00bb4.16&Prime; global_colors_info=\u00a0\u00bb{}\u00a0\u00bb][et_pb_text _builder_version=\u00a0\u00bb4.24.3&Prime; text_line_height=\u00a0\u00bb1.8em\u00a0\u00bb header_2_font=\u00a0\u00bbTaviraj||||||||\u00a0\u00bb header_2_font_size=\u00a0\u00bb50px\u00a0\u00bb header_2_line_height=\u00a0\u00bb1.2em\u00a0\u00bb background_enable_color=\u00a0\u00bboff\u00a0\u00bb max_width=\u00a0\u00bb550px\u00a0\u00bb max_width_tablet=\u00a0\u00bb100%\u00a0\u00bb max_width_phone=\u00a0\u00bb100%\u00a0\u00bb max_width_last_edited=\u00a0\u00bboff|desktop\u00a0\u00bb custom_padding=\u00a0\u00bb64px|||||\u00a0\u00bb link_option_url=\u00a0\u00bb#\u00a0\u00bb text_font_size_tablet=\u00a0\u00bb\u00a0\u00bb text_font_size_phone=\u00a0\u00bb15px\u00a0\u00bb text_font_size_last_edited=\u00a0\u00bbon|desktop\u00a0\u00bb header_2_font_size_tablet=\u00a0\u00bb40px\u00a0\u00bb header_2_font_size_phone=\u00a0\u00bb30px\u00a0\u00bb header_2_font_size_last_edited=\u00a0\u00bbon|phone\u00a0\u00bb border_radii=\u00a0\u00bbon|6px|6px|6px|6px\u00a0\u00bb locked=\u00a0\u00bboff\u00a0\u00bb global_colors_info=\u00a0\u00bb{}\u00a0\u00bb]<\/p>\n<p style=\"text-align: justify;\">Le micro-massage \u00e9nerg\u00e9tique est un soin issu du magn\u00e9tisme tout en douceur. Il fait appel au toucher sensible (tr\u00e8s doux) \u00e9nerg\u00e9tique. Il cherche \u00e0 soulager les douleurs en douceur. C\u2019est un massage complet qui synchronise tout le corps des pieds \u00e0 la t\u00eate. Il n&rsquo;y a pas de manipulations, le toucher est doux, les mouvements presque imperceptibles.<\/p>\n<p>[\/et_pb_text][\/et_pb_column][et_pb_column type=\u00a0\u00bb2_3&Prime; _builder_version=\u00a0\u00bb4.16&Prime; global_colors_info=\u00a0\u00bb{}\u00a0\u00bb][et_pb_image src=\u00a0\u00bbhttps:\/\/www.auxbolsdenergies.com\/wp-content\/uploads\/2024\/04\/Photo-texte-micro-massage-energetique-scaled.jpg\u00a0\u00bb title_text=\u00a0\u00bbPhoto texte micro massage \u00e9nerg\u00e9tique\u00a0\u00bb _builder_version=\u00a0\u00bb4.24.3&Prime; custom_padding=\u00a0\u00bb4px|||||\u00a0\u00bb custom_padding_tablet=\u00a0\u00bb69px|||||\u00a0\u00bb custom_padding_phone=\u00a0\u00bb0px||||false|false\u00a0\u00bb custom_padding_last_edited=\u00a0\u00bbon|phone\u00a0\u00bb border_radii=\u00a0\u00bbon|6px|6px|6px|6px\u00a0\u00bb box_shadow_style=\u00a0\u00bbpreset3&Prime; box_shadow_vertical=\u00a0\u00bb30px\u00a0\u00bb box_shadow_blur=\u00a0\u00bb100px\u00a0\u00bb box_shadow_spread=\u00a0\u00bb50px\u00a0\u00bb box_shadow_color=\u00a0\u00bbrgba(102,100,126,0.2)\u00a0\u00bb global_colors_info=\u00a0\u00bb{}\u00a0\u00bb][\/et_pb_image][\/et_pb_column][\/et_pb_row][\/et_pb_section][et_pb_section fb_built=\u00a0\u00bb1&Prime; admin_label=\u00a0\u00bbFAQ\u00a0\u00bb _builder_version=\u00a0\u00bb4.16&Prime; custom_padding=\u00a0\u00bb|0px||||\u00a0\u00bb locked=\u00a0\u00bboff\u00a0\u00bb global_colors_info=\u00a0\u00bb{}\u00a0\u00bb][et_pb_row _builder_version=\u00a0\u00bb4.16&Prime; background_enable_color=\u00a0\u00bboff\u00a0\u00bb global_colors_info=\u00a0\u00bb{}\u00a0\u00bb][et_pb_column type=\u00a0\u00bb4_4&Prime; _builder_version=\u00a0\u00bb4.16&Prime; global_colors_info=\u00a0\u00bb{}\u00a0\u00bb][et_pb_text _builder_version=\u00a0\u00bb4.24.3&Prime; text_line_height=\u00a0\u00bb1.8em\u00a0\u00bb header_2_font=\u00a0\u00bbHandlee||||||||\u00a0\u00bb header_2_font_size=\u00a0\u00bb46px\u00a0\u00bb header_2_line_height=\u00a0\u00bb1.2em\u00a0\u00bb header_3_font=\u00a0\u00bbHandlee|700|||||||\u00a0\u00bb custom_padding=\u00a0\u00bb||||false|false\u00a0\u00bb custom_padding_tablet=\u00a0\u00bb|30px||50px|true|false\u00a0\u00bb custom_padding_phone=\u00a0\u00bb|30px|||true|false\u00a0\u00bb custom_padding_last_edited=\u00a0\u00bboff|tablet\u00a0\u00bb text_font_size_tablet=\u00a0\u00bb\u00a0\u00bb text_font_size_phone=\u00a0\u00bb15px\u00a0\u00bb text_font_size_last_edited=\u00a0\u00bbon|desktop\u00a0\u00bb header_2_font_size_tablet=\u00a0\u00bb40px\u00a0\u00bb header_2_font_size_phone=\u00a0\u00bb30px\u00a0\u00bb header_2_font_size_last_edited=\u00a0\u00bbon|phone\u00a0\u00bb global_colors_info=\u00a0\u00bb{}\u00a0\u00bb]<\/p>\n<h3 style=\"text-align: justify;\"><strong>Bienfaits du micro-massage \u00e9nerg\u00e9tique\u00a0:<\/strong><\/h3>\n<p style=\"text-align: justify;\">Relaxation profonde, am\u00e9lioration de la qualit\u00e9 du sommeil, lib\u00e9ration des tensions du corps, harmonisation des centres \u00e9nerg\u00e9tiques (chakras), apaisement du syst\u00e8me nerveux, r\u00e9duction du stress, soulagement des douleurs, \u2026<\/p>\n<p style=\"text-align: justify;\">\n<p style=\"text-align: justify;\">\n<p>For those looking into easy dinner recipes for family of 4, <a href=\"https:\/\/iit.immaculatedesigns.com.ng\/easy-dinner-recipes-for-family-of-4-best-homemade-2026\/\">this step-by-step guide<\/a> is worth reading.<\/p>\n<p style=\"text-align: justify;\">\n<h3 style=\"text-align: justify;\"><strong>D\u00e9roulement d\u2019un micro-massage \u00e9nerg\u00e9tique\u00a0: <\/strong><\/h3>\n<p style=\"text-align: justify;\">Le massage se r\u00e9alise habill\u00e9. Apr\u00e8s un entretien avec moi, le receveur b\u00e9n\u00e9ficie d\u2019un bain sonore de pr\u00e9paration dans un bol de temple et ensuite un bol plus petit qui sera pass\u00e9 autour du corps afin de nettoyer et de pr\u00e9parer les cellules du corps \u00e0 recevoir un soin. Puis il prend place confortablement sur une table de massage.<\/p>\n<p style=\"text-align: justify;\">J\u2019appose mes mains sur plusieurs positions diff\u00e9rentes des pieds \u00e0 la t\u00eate en effectuant de tr\u00e8s l\u00e9gers mouvements en 8 avec mes mains. Je termine par une position d\u2019harmonisation globale du corps.<\/p>\n<p style=\"text-align: justify;\">Apr\u00e8s le micro-massage, nous prendrons un moment pour \u00e9changer sur vos ressentis et impressions.<\/p>\n<p style=\"text-align: justify;\">Le soin dure\u00a0en moyenne 45min\/1h.<\/p>\n<p>[\/et_pb_text][\/et_pb_column][\/et_pb_row][et_pb_row _builder_version=\u00a0\u00bb4.25.0&Prime; _module_preset=\u00a0\u00bbdefault\u00a0\u00bb global_colors_info=\u00a0\u00bb{}\u00a0\u00bb theme_builder_area=\u00a0\u00bbpost_content\u00a0\u00bb][et_pb_column type=\u00a0\u00bb4_4&Prime; _builder_version=\u00a0\u00bb4.25.0&Prime; _module_preset=\u00a0\u00bbdefault\u00a0\u00bb global_colors_info=\u00a0\u00bb{}\u00a0\u00bb theme_builder_area=\u00a0\u00bbpost_content\u00a0\u00bb][et_pb_text _builder_version=\u00a0\u00bb4.25.0&Prime; _module_preset=\u00a0\u00bbdefault\u00a0\u00bb hover_enabled=\u00a0\u00bb0&Prime; global_colors_info=\u00a0\u00bb{}\u00a0\u00bb theme_builder_area=\u00a0\u00bbpost_content\u00a0\u00bb sticky_enabled=\u00a0\u00bb0&Prime;]<\/p>\n<p style=\"text-align: center;\"><b><u>Tarif :<span> 40\u20ac<\/span><\/u><\/b><\/p>\n<p>[\/et_pb_text][\/et_pb_column][\/et_pb_row][\/et_pb_section]<\/p>\n","protected":false},"excerpt":{"rendered":"<p>Qu\u2019est-ce que le micro-massage \u00e9nerg\u00e9tique ? Vous vous sentez d\u00e9prim\u00e9, fatigu\u00e9, surmen\u00e9, mal dans votre peau, vous avez des douleurs physiques ou vous ne savez juste pas ce qui vous arrive\u00a0? Alors le micro-massage \u00e9nerg\u00e9tique est le soin id\u00e9al.Le micro-massage \u00e9nerg\u00e9tique est un soin issu du magn\u00e9tisme tout en douceur. Il fait appel au toucher [&hellip;]<\/p>\n","protected":false},"author":2,"featured_media":0,"parent":150,"menu_order":0,"comment_status":"closed","ping_status":"closed","template":"","meta":{"_et_pb_use_builder":"on","_et_pb_old_content":"<img width=\"2560\" height=\"1441\" src=\"http:\/\/www.auxbolsdenergies.com\/wp-content\/uploads\/2024\/04\/Photo-texte-micro-massage-energetique-scaled.jpg\" alt=\"\" srcset=\"https:\/\/www.auxbolsdenergies.com\/wp-content\/uploads\/2024\/04\/Photo-texte-micro-massage-energetique-scaled.jpg 2560w, https:\/\/www.auxbolsdenergies.com\/wp-content\/uploads\/2024\/04\/Photo-texte-micro-massage-energetique-300x169.jpg 300w, https:\/\/www.auxbolsdenergies.com\/wp-content\/uploads\/2024\/04\/Photo-texte-micro-massage-energetique-1024x577.jpg 1024w, https:\/\/www.auxbolsdenergies.com\/wp-content\/uploads\/2024\/04\/Photo-texte-micro-massage-energetique-768x432.jpg 768w, https:\/\/www.auxbolsdenergies.com\/wp-content\/uploads\/2024\/04\/Photo-texte-micro-massage-energetique-1536x865.jpg 1536w, https:\/\/www.auxbolsdenergies.com\/wp-content\/uploads\/2024\/04\/Photo-texte-micro-massage-energetique-2048x1153.jpg 2048w, https:\/\/www.auxbolsdenergies.com\/wp-content\/uploads\/2024\/04\/Photo-texte-micro-massage-energetique-1080x608.jpg 1080w, https:\/\/www.auxbolsdenergies.com\/wp-content\/uploads\/2024\/04\/Photo-texte-micro-massage-energetique-1280x721.jpg 1280w, https:\/\/www.auxbolsdenergies.com\/wp-content\/uploads\/2024\/04\/Photo-texte-micro-massage-energetique-980x552.jpg 980w, https:\/\/www.auxbolsdenergies.com\/wp-content\/uploads\/2024\/04\/Photo-texte-micro-massage-energetique-480x270.jpg 480w\" sizes=\"(max-width: 2560px) 100vw, 2560px\" \/>\t\t\t\t\t\t\t\t\t\t\t\t\t\n\t\t\t<h2>Qu\u2019est-ce que le micro-massage \u00e9nerg\u00e9tique ?<\/h2>\t\t\n\t\t<p><strong>Vous vous sentez d\u00e9prim\u00e9, fatigu\u00e9, surmen\u00e9, mal dans votre peau, vous avez des douleurs physiques ou vous ne savez juste pas ce qui vous arrive\u00a0? Alors le micro-massage \u00e9nerg\u00e9tique est le soin id\u00e9al.<\/strong><\/p>Le micro-massage \u00e9nerg\u00e9tique est un soin issu du magn\u00e9tisme tout en douceur. Il fait appel au toucher sensible (tr\u00e8s doux) \u00e9nerg\u00e9tique. Il cherche \u00e0 soulager les douleurs en douceur. C\u2019est un massage complet qui synchronise tout le corps des pieds \u00e0 la t\u00eate.\nIl n'y a pas de manipulations, le toucher est doux, les mouvements presque imperceptibles. \n\t\t\t<h2>Bienfaits du micro-massage \u00e9nerg\u00e9tique <\/h2>\t\t\n\t\t<p>Relaxation profonde, am\u00e9lioration de la qualit\u00e9 du sommeil, lib\u00e9ration des tensions du corps, harmonisation des centres \u00e9nerg\u00e9tiques (chakras), apaisement du syst\u00e8me nerveux, r\u00e9duction du stress, soulagement des douleurs, \u2026<\/p>\t\t\n\t\t\t<h2>D\u00e9roulement d\u2019un soin <\/h2>\t\t\n\t\t<p>Le massage se r\u00e9alise habill\u00e9. Apr\u00e8s un entretien avec moi, le receveur b\u00e9n\u00e9ficie d\u2019un bain sonore de pr\u00e9paration dans un bol de temple et ensuite un bol plus petit qui sera pass\u00e9 autour du corps afin de nettoyer et de pr\u00e9parer les cellules du corps \u00e0 recevoir un soin. Puis il prend place confortablement sur une table de massage.<\/p><p>J\u2019appose mes mains sur plusieurs positions diff\u00e9rentes des pieds \u00e0 la t\u00eate en effectuant de tr\u00e8s l\u00e9gers mouvements en 8 avec mes mains. Je termine par une position d\u2019harmonisation globale du corps.\u00a0<\/p><p>Apr\u00e8s le micro-massage, nous prendrons un moment pour \u00e9changer sur vos ressentis et impressions.<\/p><p>Le soin dure\u00a0en moyenne 45min\/1h.<\/p>","_et_gb_content_width":"","_glsr_average":0,"_glsr_ranking":0,"_glsr_reviews":0,"footnotes":""},"class_list":["post-406","page","type-page","status-publish","hentry"],"yoast_head":"<!-- This site is optimized with the Yoast SEO plugin v22.7 - https:\/\/yoast.com\/wordpress\/plugins\/seo\/ -->\n<title>Micro-massage \u00e9nerg\u00e9tique - AUX BOLS D\u2019ENERGIES<\/title>\n<meta name=\"robots\" content=\"index, follow, max-snippet:-1, max-image-preview:large, max-video-preview:-1\" \/>\n<link rel=\"canonical\" href=\"https:\/\/www.auxbolsdenergies.com\/index.php\/soins-energetiques\/micro-massage-energetique\/\" \/>\n<meta property=\"og:locale\" content=\"fr_FR\" \/>\n<meta property=\"og:type\" content=\"article\" \/>\n<meta property=\"og:title\" content=\"Micro-massage \u00e9nerg\u00e9tique - AUX BOLS D\u2019ENERGIES\" \/>\n<meta property=\"og:description\" content=\"Qu\u2019est-ce que le micro-massage \u00e9nerg\u00e9tique ? Vous vous sentez d\u00e9prim\u00e9, fatigu\u00e9, surmen\u00e9, mal dans votre peau, vous avez des douleurs physiques ou vous ne savez juste pas ce qui vous arrive\u00a0? Alors le micro-massage \u00e9nerg\u00e9tique est le soin id\u00e9al.Le micro-massage \u00e9nerg\u00e9tique est un soin issu du magn\u00e9tisme tout en douceur. Il fait appel au toucher [&hellip;]\" \/>\n<meta property=\"og:url\" content=\"https:\/\/www.auxbolsdenergies.com\/index.php\/soins-energetiques\/micro-massage-energetique\/\" \/>\n<meta property=\"og:site_name\" content=\"AUX BOLS D\u2019ENERGIES\" \/>\n<meta property=\"article:publisher\" content=\"https:\/\/www.facebook.com\/profile.php?id=61557117993848\" \/>\n<meta property=\"article:modified_time\" content=\"2024-05-02T11:37:31+00:00\" \/>\n<meta name=\"twitter:card\" content=\"summary_large_image\" \/>\n<meta name=\"twitter:label1\" content=\"Dur\u00e9e de lecture estim\u00e9e\" \/>\n\t<meta name=\"twitter:data1\" content=\"2 minutes\" \/>\n<script type=\"application\/ld+json\" class=\"yoast-schema-graph\">{\"@context\":\"https:\/\/schema.org\",\"@graph\":[{\"@type\":\"WebPage\",\"@id\":\"https:\/\/www.auxbolsdenergies.com\/index.php\/soins-energetiques\/micro-massage-energetique\/\",\"url\":\"https:\/\/www.auxbolsdenergies.com\/index.php\/soins-energetiques\/micro-massage-energetique\/\",\"name\":\"Micro-massage \u00e9nerg\u00e9tique - AUX BOLS D\u2019ENERGIES\",\"isPartOf\":{\"@id\":\"https:\/\/www.auxbolsdenergies.com\/#website\"},\"datePublished\":\"2024-04-01T18:09:45+00:00\",\"dateModified\":\"2024-05-02T11:37:31+00:00\",\"breadcrumb\":{\"@id\":\"https:\/\/www.auxbolsdenergies.com\/index.php\/soins-energetiques\/micro-massage-energetique\/#breadcrumb\"},\"inLanguage\":\"fr-FR\",\"potentialAction\":[{\"@type\":\"ReadAction\",\"target\":[\"https:\/\/www.auxbolsdenergies.com\/index.php\/soins-energetiques\/micro-massage-energetique\/\"]}]},{\"@type\":\"BreadcrumbList\",\"@id\":\"https:\/\/www.auxbolsdenergies.com\/index.php\/soins-energetiques\/micro-massage-energetique\/#breadcrumb\",\"itemListElement\":[{\"@type\":\"ListItem\",\"position\":1,\"name\":\"Accueil\",\"item\":\"https:\/\/www.auxbolsdenergies.com\/\"},{\"@type\":\"ListItem\",\"position\":2,\"name\":\"Soins \u00e9nerg\u00e9tiques\",\"item\":\"https:\/\/www.auxbolsdenergies.com\/index.php\/soins-energetiques\/\"},{\"@type\":\"ListItem\",\"position\":3,\"name\":\"Micro-massage \u00e9nerg\u00e9tique\"}]},{\"@type\":\"WebSite\",\"@id\":\"https:\/\/www.auxbolsdenergies.com\/#website\",\"url\":\"https:\/\/www.auxbolsdenergies.com\/\",\"name\":\"AUX BOLS D\u2019ENERGIE\",\"description\":\"\",\"publisher\":{\"@id\":\"https:\/\/www.auxbolsdenergies.com\/#organization\"},\"potentialAction\":[{\"@type\":\"SearchAction\",\"target\":{\"@type\":\"EntryPoint\",\"urlTemplate\":\"https:\/\/www.auxbolsdenergies.com\/?s={search_term_string}\"},\"query-input\":\"required name=search_term_string\"}],\"inLanguage\":\"fr-FR\"},{\"@type\":\"Organization\",\"@id\":\"https:\/\/www.auxbolsdenergies.com\/#organization\",\"name\":\"AUX BOLS D\u2019ENERGIE\",\"url\":\"https:\/\/www.auxbolsdenergies.com\/\",\"logo\":{\"@type\":\"ImageObject\",\"inLanguage\":\"fr-FR\",\"@id\":\"https:\/\/www.auxbolsdenergies.com\/#\/schema\/logo\/image\/\",\"url\":\"https:\/\/www.auxbolsdenergies.com\/wp-content\/uploads\/2024\/04\/cropped-Logo-fond-transparent-1.png\",\"contentUrl\":\"https:\/\/www.auxbolsdenergies.com\/wp-content\/uploads\/2024\/04\/cropped-Logo-fond-transparent-1.png\",\"width\":512,\"height\":512,\"caption\":\"AUX BOLS D\u2019ENERGIE\"},\"image\":{\"@id\":\"https:\/\/www.auxbolsdenergies.com\/#\/schema\/logo\/image\/\"},\"sameAs\":[\"https:\/\/www.facebook.com\/profile.php?id=61557117993848\",\"https:\/\/www.instagram.com\/auxbolsdenergies\/\"]}]}<\/script>\n<!-- \/ Yoast SEO plugin. -->","yoast_head_json":{"title":"Micro-massage \u00e9nerg\u00e9tique - AUX BOLS D\u2019ENERGIES","robots":{"index":"index","follow":"follow","max-snippet":"max-snippet:-1","max-image-preview":"max-image-preview:large","max-video-preview":"max-video-preview:-1"},"canonical":"https:\/\/www.auxbolsdenergies.com\/index.php\/soins-energetiques\/micro-massage-energetique\/","og_locale":"fr_FR","og_type":"article","og_title":"Micro-massage \u00e9nerg\u00e9tique - AUX BOLS D\u2019ENERGIES","og_description":"Qu\u2019est-ce que le micro-massage \u00e9nerg\u00e9tique ? Vous vous sentez d\u00e9prim\u00e9, fatigu\u00e9, surmen\u00e9, mal dans votre peau, vous avez des douleurs physiques ou vous ne savez juste pas ce qui vous arrive\u00a0? Alors le micro-massage \u00e9nerg\u00e9tique est le soin id\u00e9al.Le micro-massage \u00e9nerg\u00e9tique est un soin issu du magn\u00e9tisme tout en douceur. Il fait appel au toucher [&hellip;]","og_url":"https:\/\/www.auxbolsdenergies.com\/index.php\/soins-energetiques\/micro-massage-energetique\/","og_site_name":"AUX BOLS D\u2019ENERGIES","article_publisher":"https:\/\/www.facebook.com\/profile.php?id=61557117993848","article_modified_time":"2024-05-02T11:37:31+00:00","twitter_card":"summary_large_image","twitter_misc":{"Dur\u00e9e de lecture estim\u00e9e":"2 minutes"},"schema":{"@context":"https:\/\/schema.org","@graph":[{"@type":"WebPage","@id":"https:\/\/www.auxbolsdenergies.com\/index.php\/soins-energetiques\/micro-massage-energetique\/","url":"https:\/\/www.auxbolsdenergies.com\/index.php\/soins-energetiques\/micro-massage-energetique\/","name":"Micro-massage \u00e9nerg\u00e9tique - AUX BOLS D\u2019ENERGIES","isPartOf":{"@id":"https:\/\/www.auxbolsdenergies.com\/#website"},"datePublished":"2024-04-01T18:09:45+00:00","dateModified":"2024-05-02T11:37:31+00:00","breadcrumb":{"@id":"https:\/\/www.auxbolsdenergies.com\/index.php\/soins-energetiques\/micro-massage-energetique\/#breadcrumb"},"inLanguage":"fr-FR","potentialAction":[{"@type":"ReadAction","target":["https:\/\/www.auxbolsdenergies.com\/index.php\/soins-energetiques\/micro-massage-energetique\/"]}]},{"@type":"BreadcrumbList","@id":"https:\/\/www.auxbolsdenergies.com\/index.php\/soins-energetiques\/micro-massage-energetique\/#breadcrumb","itemListElement":[{"@type":"ListItem","position":1,"name":"Accueil","item":"https:\/\/www.auxbolsdenergies.com\/"},{"@type":"ListItem","position":2,"name":"Soins \u00e9nerg\u00e9tiques","item":"https:\/\/www.auxbolsdenergies.com\/index.php\/soins-energetiques\/"},{"@type":"ListItem","position":3,"name":"Micro-massage \u00e9nerg\u00e9tique"}]},{"@type":"WebSite","@id":"https:\/\/www.auxbolsdenergies.com\/#website","url":"https:\/\/www.auxbolsdenergies.com\/","name":"AUX BOLS D\u2019ENERGIE","description":"","publisher":{"@id":"https:\/\/www.auxbolsdenergies.com\/#organization"},"potentialAction":[{"@type":"SearchAction","target":{"@type":"EntryPoint","urlTemplate":"https:\/\/www.auxbolsdenergies.com\/?s={search_term_string}"},"query-input":"required name=search_term_string"}],"inLanguage":"fr-FR"},{"@type":"Organization","@id":"https:\/\/www.auxbolsdenergies.com\/#organization","name":"AUX BOLS D\u2019ENERGIE","url":"https:\/\/www.auxbolsdenergies.com\/","logo":{"@type":"ImageObject","inLanguage":"fr-FR","@id":"https:\/\/www.auxbolsdenergies.com\/#\/schema\/logo\/image\/","url":"https:\/\/www.auxbolsdenergies.com\/wp-content\/uploads\/2024\/04\/cropped-Logo-fond-transparent-1.png","contentUrl":"https:\/\/www.auxbolsdenergies.com\/wp-content\/uploads\/2024\/04\/cropped-Logo-fond-transparent-1.png","width":512,"height":512,"caption":"AUX BOLS D\u2019ENERGIE"},"image":{"@id":"https:\/\/www.auxbolsdenergies.com\/#\/schema\/logo\/image\/"},"sameAs":["https:\/\/www.facebook.com\/profile.php?id=61557117993848","https:\/\/www.instagram.com\/auxbolsdenergies\/"]}]}},"_links":{"self":[{"href":"https:\/\/www.auxbolsdenergies.com\/index.php\/wp-json\/wp\/v2\/pages\/406","targetHints":{"allow":["GET"]}}],"collection":[{"href":"https:\/\/www.auxbolsdenergies.com\/index.php\/wp-json\/wp\/v2\/pages"}],"about":[{"href":"https:\/\/www.auxbolsdenergies.com\/index.php\/wp-json\/wp\/v2\/types\/page"}],"author":[{"embeddable":true,"href":"https:\/\/www.auxbolsdenergies.com\/index.php\/wp-json\/wp\/v2\/users\/2"}],"replies":[{"embeddable":true,"href":"https:\/\/www.auxbolsdenergies.com\/index.php\/wp-json\/wp\/v2\/comments?post=406"}],"version-history":[{"count":10,"href":"https:\/\/www.auxbolsdenergies.com\/index.php\/wp-json\/wp\/v2\/pages\/406\/revisions"}],"predecessor-version":[{"id":878,"href":"https:\/\/www.auxbolsdenergies.com\/index.php\/wp-json\/wp\/v2\/pages\/406\/revisions\/878"}],"up":[{"embeddable":true,"href":"https:\/\/www.auxbolsdenergies.com\/index.php\/wp-json\/wp\/v2\/pages\/150"}],"wp:attachment":[{"href":"https:\/\/www.auxbolsdenergies.com\/index.php\/wp-json\/wp\/v2\/media?parent=406"}],"curies":[{"name":"wp","href":"https:\/\/api.w.org\/{rel}","templated":true}]}}